{"id":488,"date":"2019-09-20T16:53:26","date_gmt":"2019-09-20T14:53:26","guid":{"rendered":"https:\/\/schachkreis-cnlk.de\/?page_id=488"},"modified":"2019-09-20T16:58:16","modified_gmt":"2019-09-20T14:58:16","slug":"blitzmannschaftskreismeisterschaft-2019","status":"publish","type":"page","link":"https:\/\/schachkreis-cnlk.de\/?page_id=488","title":{"rendered":"Blitzmannschaftskreismeisterschaft 2019"},"content":{"rendered":"\n<p>Bei der in Nordhalben ausgetragenen Mannschaftsmeisterschaft im Blitzschach nahmen 9 Mannschaften teil. Unter der Leitung von Kreisspieleiter Olaf Knauer wurde ein sch\u00f6nes Turnier durchgef\u00fchrt. <br>\nIn der Aufstellung  Breithut, Sch\u00fcpferling, Gr\u00fcner, Zerr, siegte Michelau mit <br>\n2 Punkten  Vorsprung vor dem Kronacher SK und der SG Sonneberg. <br>\nNordhalben zeigte sich als guter Gastgeber, der nicht nur die Preise, sondern auch die Punkte den G\u00e4sten \u00fcberlassen hat. <\/p>\n\n\n\n<p>Die Brettbesten waren Kurt-Georg Breithut (SK Michelau) an Brett 1 mit 7:1 Punkten, Walter Lechleitner (Kronacher SK ) Brett 2 mit 6,5:1,5 Punkten, Steffen Kirchh\u00fcbel (TSV Tettau) Brett 3 mit 6,5:1,5 Punkten und Benjamin Zerr (SK Michelau) 6,5:1,5 Punkten.  <\/p>\n\n<TABLE>\n\n<TR>\n<TD COLSPAN=\"13\"> Mannschafts-Rangliste:&nbsp;Stand&nbsp;nach&nbsp;der&nbsp;9.&nbsp;Runde&nbsp;<\/TD>\n<\/TR>\n\n<TR>\n<TH>Rang<\/TH>\n<TH>MNr<\/TH>\n<TH>Mannschaft<\/TH>\n<TH>TWZ<\/TH>\n<TH>At<\/TH>\n<TH>S<\/TH>\n<TH>R<\/TH>\n<TH>V<\/TH>\n<TH>Man.Pkt.<\/TH>\n<TH>Brt.Pkt<\/TH>\n<TH>SoBerg<\/TH>\n<\/TR>\n\n<TR>\n<TD>1.<\/TD>\n<TD>4.<\/TD>\n<TD>SK&nbsp;Michelau<\/TD>\n<TD>1930<\/TD>\n<TD>&nbsp;<\/TD>\n<TD>6<\/TD>\n<TD>2<\/TD>\n<TD>0<\/TD>\n<TD>14&nbsp;&#8211;&nbsp;2<\/TD>\n<TD>23.5<\/TD>\n<TD>149.50<\/TD>\n<\/TR>\n\n<TR>\n<TD>2.<\/TD>\n<TD>9.<\/TD>\n<TD>Kronacher&nbsp;SK<\/TD>\n<TD>1740<\/TD>\n<TD>&nbsp;<\/TD>\n<TD>5<\/TD>\n<TD>2<\/TD>\n<TD>1<\/TD>\n<TD>12&nbsp;&#8211;&nbsp;4<\/TD>\n<TD>22.5<\/TD>\n<TD>140.50<\/TD>\n<\/TR>\n\n<TR>\n<TD>3.<\/TD>\n<TD>8.<\/TD>\n<TD>SG&nbsp;Sonneberg<\/TD>\n<TD>1864<\/TD>\n<TD>&nbsp;<\/TD>\n<TD>4<\/TD>\n<TD>3<\/TD>\n<TD>1<\/TD>\n<TD>11&nbsp;&#8211;&nbsp;5<\/TD>\n<TD>22.5<\/TD>\n<TD>140.00<\/TD>\n<\/TR>\n\n<TR>\n<TD>4.<\/TD>\n<TD>5.<\/TD>\n<TD>SK&nbsp;Weidhausen<\/TD>\n<TD>1870<\/TD>\n<TD>&nbsp;<\/TD>\n<TD>5<\/TD>\n<TD>1<\/TD>\n<TD>2<\/TD>\n<TD>11&nbsp;&#8211;&nbsp;5<\/TD>\n<TD>20.0<\/TD>\n<TD>129.00<\/TD>\n<\/TR>\n\n<TR>\n<TD>5.<\/TD>\n<TD>7.<\/TD>\n<TD>TSV&nbsp;Tettau<\/TD>\n<TD>1812<\/TD>\n<TD>&nbsp;<\/TD>\n<TD>4<\/TD>\n<TD>1<\/TD>\n<TD>3<\/TD>\n<TD>9&nbsp;&#8211;&nbsp;7<\/TD>\n<TD>19.5<\/TD>\n<TD>118.00<\/TD>\n<\/TR>\n\n<TR>\n<TD>6.<\/TD>\n<TD>3.<\/TD>\n<TD>SSV&nbsp;Burgkunstadt&nbsp;<\/TD>\n<TD>1758<\/TD>\n<TD>&nbsp;<\/TD>\n<TD>4<\/TD>\n<TD>0<\/TD>\n<TD>4<\/TD>\n<TD>8&nbsp;&#8211;&nbsp;8<\/TD>\n<TD>16.5<\/TD>\n<TD>89.50<\/TD>\n<\/TR>\n\n<TR>\n<TD>7.<\/TD>\n<TD>1.<\/TD>\n<TD>FC&nbsp;Nordhalben&nbsp;I<\/TD>\n<TD>1873<\/TD>\n<TD>&nbsp;<\/TD>\n<TD>2<\/TD>\n<TD>1<\/TD>\n<TD>5<\/TD>\n<TD>5&nbsp;&#8211;&nbsp;11<\/TD>\n<TD>12.5<\/TD>\n<TD>62.50<\/TD>\n<\/TR>\n\n<TR>\n<TD>8.<\/TD>\n<TD>2.<\/TD>\n<TD>FC&nbsp;Nordhalben&nbsp;II<\/TD>\n<TD>1464<\/TD>\n<TD>&nbsp;<\/TD>\n<TD>0<\/TD>\n<TD>1<\/TD>\n<TD>7<\/TD>\n<TD>1&nbsp;&#8211;&nbsp;15<\/TD>\n<TD>4.0<\/TD>\n<TD>21.50<\/TD>\n<\/TR>\n\n<TR>\n<TD>9.<\/TD>\n<TD>6.<\/TD>\n<TD>SSV&nbsp;Burgkunstadt&nbsp;<\/TD>\n<TD>1074<\/TD>\n<TD>&nbsp;<\/TD>\n<TD>0<\/TD>\n<TD>1<\/TD>\n<TD>7<\/TD>\n<TD>1&nbsp;&#8211;&nbsp;15<\/TD>\n<TD>3.0<\/TD>\n<TD>10.00<\/TD>\n<\/TR>\n\n<\/TABLE>\n\n","protected":false},"excerpt":{"rendered":"<p>Bei der in Nordhalben ausgetragenen Mannschaftsmeisterschaft im Blitzschach nahmen 9 Mannschaften teil. Unter der Leitung von Kreisspieleiter Olaf Knauer wurde ein sch\u00f6nes Turnier durchgef\u00fchrt. In der Aufstellung Breithut, Sch\u00fcpferling, Gr\u00fcner, Zerr, siegte Michelau mit 2 Punkten Vorsprung vor dem Kronacher SK und der SG Sonneberg. Nordhalben zeigte sich als guter Gastgeber, der nicht nur die Preise, sondern auch die Punkte den G\u00e4sten \u00fcberlassen hat. Die Brettbesten waren Kurt-Georg Breithut (SK&hellip; <a class=\"read-more-link\" href=\"https:\/\/schachkreis-cnlk.de\/?page_id=488\">weiterlesen<\/a><\/p>\n","protected":false},"author":1,"featured_media":0,"parent":0,"menu_order":0,"comment_status":"closed","ping_status":"closed","template":"","meta":{"footnotes":""},"class_list":["post-488","page","type-page","status-publish","hentry","no-post-thumbnail"],"_links":{"self":[{"href":"https:\/\/schachkreis-cnlk.de\/index.php?rest_route=\/wp\/v2\/pages\/488","targetHints":{"allow":["GET"]}}],"collection":[{"href":"https:\/\/schachkreis-cnlk.de\/index.php?rest_route=\/wp\/v2\/pages"}],"about":[{"href":"https:\/\/schachkreis-cnlk.de\/index.php?rest_route=\/wp\/v2\/types\/page"}],"author":[{"embeddable":true,"href":"https:\/\/schachkreis-cnlk.de\/index.php?rest_route=\/wp\/v2\/users\/1"}],"replies":[{"embeddable":true,"href":"https:\/\/schachkreis-cnlk.de\/index.php?rest_route=%2Fwp%2Fv2%2Fcomments&post=488"}],"version-history":[{"count":2,"href":"https:\/\/schachkreis-cnlk.de\/index.php?rest_route=\/wp\/v2\/pages\/488\/revisions"}],"predecessor-version":[{"id":490,"href":"https:\/\/schachkreis-cnlk.de\/index.php?rest_route=\/wp\/v2\/pages\/488\/revisions\/490"}],"wp:attachment":[{"href":"https:\/\/schachkreis-cnlk.de\/index.php?rest_route=%2Fwp%2Fv2%2Fmedia&parent=488"}],"curies":[{"name":"wp","href":"https:\/\/api.w.org\/{rel}","templated":true}]}}